{"id":5026,"date":"2021-05-28T01:05:57","date_gmt":"2021-05-27T23:05:57","guid":{"rendered":"https:\/\/www.wimmer-gmbh.de\/news\/"},"modified":"2025-11-12T11:48:58","modified_gmt":"2025-11-12T10:48:58","slug":"news","status":"publish","type":"page","link":"https:\/\/www.wimmer-gmbh.de\/en\/news\/","title":{"rendered":"News"},"content":{"rendered":"\t\t<div data-elementor-type=\"wp-page\" data-elementor-id=\"5026\" class=\"elementor elementor-5026 elementor-101\" data-elementor-settings=\"[]\">\n\t\t\t\t\t\t<div class=\"elementor-inner\">\n\t\t\t\t\t\t\t<div class=\"elementor-section-wrap\">\n\t\t\t\t\t\t\t<section class=\"elementor-section elementor-top-section elementor-element elementor-element-4c726e1a elementor-section-boxed elementor-section-height-default elementor-section-height-default\" data-id=\"4c726e1a\" data-element_type=\"section\">\n\t\t\t\t\t\t<div class=\"elementor-container elementor-column-gap-no\">\n\t\t\t\t\t\t\t<div class=\"elementor-row\">\n\t\t\t\t\t<div class=\"elementor-column elementor-col-100 elementor-top-column elementor-element elementor-element-d941ea5\" data-id=\"d941ea5\" data-element_type=\"column\">\n\t\t\t<div class=\"elementor-column-wrap elementor-element-populated\">\n\t\t\t\t\t\t\t<div class=\"elementor-widget-wrap\">\n\t\t\t\t\t\t<div class=\"elementor-element elementor-element-4c36fd1d elementor-widget elementor-widget-spacer\" data-id=\"4c36fd1d\" data-element_type=\"widget\" data-widget_type=\"spacer.default\">\n\t\t\t\t<div class=\"elementor-widget-container\">\n\t\t\t\t\t<div class=\"elementor-spacer\">\n\t\t\t<div class=\"elementor-spacer-inner\"><\/div>\n\t\t<\/div>\n\t\t\t\t<\/div>\n\t\t\t\t<\/div>\n\t\t\t\t\t\t<\/div>\n\t\t\t\t\t<\/div>\n\t\t<\/div>\n\t\t\t\t\t\t\t\t<\/div>\n\t\t\t\t\t<\/div>\n\t\t<\/section>\n\t\t\t\t<section class=\"elementor-section elementor-top-section elementor-element elementor-element-93bce39 elementor-section-boxed elementor-section-height-default elementor-section-height-default\" data-id=\"93bce39\" data-element_type=\"section\">\n\t\t\t\t\t\t<div class=\"elementor-container elementor-column-gap-no\">\n\t\t\t\t\t\t\t<div class=\"elementor-row\">\n\t\t\t\t\t<div class=\"elementor-column elementor-col-100 elementor-top-column elementor-element elementor-element-d99f9e6\" data-id=\"d99f9e6\" data-element_type=\"column\">\n\t\t\t<div class=\"elementor-column-wrap elementor-element-populated\">\n\t\t\t\t\t\t\t<div class=\"elementor-widget-wrap\">\n\t\t\t\t\t\t\t\t<\/div>\n\t\t\t\t\t<\/div>\n\t\t<\/div>\n\t\t\t\t\t\t\t\t<\/div>\n\t\t\t\t\t<\/div>\n\t\t<\/section>\n\t\t\t\t<section class=\"elementor-section elementor-top-section elementor-element elementor-element-4224fae elementor-section-boxed elementor-section-height-default elementor-section-height-default\" data-id=\"4224fae\" data-element_type=\"section\">\n\t\t\t\t\t\t<div class=\"elementor-container elementor-column-gap-no\">\n\t\t\t\t\t\t\t<div class=\"elementor-row\">\n\t\t\t\t\t<div class=\"elementor-column elementor-col-100 elementor-top-column elementor-element elementor-element-2323460c\" data-id=\"2323460c\" data-element_type=\"column\">\n\t\t\t<div class=\"elementor-column-wrap elementor-element-populated\">\n\t\t\t\t\t\t\t<div class=\"elementor-widget-wrap\">\n\t\t\t\t\t\t<div class=\"elementor-element elementor-element-e79af5c elementor-widget elementor-widget-spacer\" data-id=\"e79af5c\" data-element_type=\"widget\" data-widget_type=\"spacer.default\">\n\t\t\t\t<div class=\"elementor-widget-container\">\n\t\t\t\t\t<div class=\"elementor-spacer\">\n\t\t\t<div class=\"elementor-spacer-inner\"><\/div>\n\t\t<\/div>\n\t\t\t\t<\/div>\n\t\t\t\t<\/div>\n\t\t\t\t\t\t<\/div>\n\t\t\t\t\t<\/div>\n\t\t<\/div>\n\t\t\t\t\t\t\t\t<\/div>\n\t\t\t\t\t<\/div>\n\t\t<\/section>\n\t\t\t\t<section class=\"elementor-section elementor-top-section elementor-element elementor-element-a642855 elementor-section-boxed elementor-section-height-default elementor-section-height-default\" data-id=\"a642855\" data-element_type=\"section\">\n\t\t\t\t\t\t<div class=\"elementor-container elementor-column-gap-default\">\n\t\t\t\t\t\t\t<div class=\"elementor-row\">\n\t\t\t\t\t<div class=\"elementor-column elementor-col-100 elementor-top-column elementor-element elementor-element-87171f2\" data-id=\"87171f2\" data-element_type=\"column\">\n\t\t\t<div class=\"elementor-column-wrap elementor-element-populated\">\n\t\t\t\t\t\t\t<div class=\"elementor-widget-wrap\">\n\t\t\t\t\t\t<div class=\"elementor-element elementor-element-6e211ac elementor-widget elementor-widget-lae-portfolio\" data-id=\"6e211ac\" data-element_type=\"widget\" id=\"press--wrapper\" data-settings=\"{&quot;per_line&quot;:&quot;3&quot;,&quot;per_line_tablet&quot;:&quot;2&quot;,&quot;per_line_mobile&quot;:&quot;1&quot;}\" data-widget_type=\"lae-portfolio.default\">\n\t\t\t\t<div class=\"elementor-widget-container\">\n\t\t\t<div class=\"lae-portfolio-wrap lae-gapless-grid\"><div id=\"lae-portfolio-69df286297604\" class=\"lae-portfolio js-isotope lae-fitRows lae-grid-container lae-classic-skin lae-grid-desktop-3 lae-grid-tablet-2 lae-grid-mobile-1\" data-isotope-options='{ \"itemSelector\": \".lae-portfolio-item\", \"layoutMode\": \"fitRows\", \"originLeft\": true}'><div data-id=\"id-4969\" class=\"lae-grid-item lae-portfolio-item \"><article id=\"post-4969\" class=\"post-4969 news type-news status-publish format-standard has-post-thumbnail hentry category-uncategorized\"><div class=\"lae-project-image\"><a href=\"https:\/\/www.wimmer-gmbh.de\/en\/news\/detail\/kunsthaus-zuerich-extension\/\"\u030c\u030c><img width=\"700\" height=\"500\" loading=eager data-no-lazy=1 src=\"https:\/\/www.wimmer-gmbh.de\/wp-content\/uploads\/elementor\/thumbs\/Kiosk_Tiny-p7s5oka2ecxfnjjt3j84nfx6adwa31rrou2igyjmh4.jpg\" title=\"Kiosk_Tiny\" alt=\"Kiosk_Tiny\" class=\"lae-image skip-lazy no-lazyload exclude-me a3-notlazy\" \/><\/a><div class=\"lae-image-info\"><div class=\"lae-entry-info\"><div class=\"lae-post-title\"><a href=\"https:\/\/www.wimmer-gmbh.de\/en\/news\/detail\/kunsthaus-zuerich-extension\/\" title=\"The Wimmer Manufacturing Company in the Press\" rel=\"bookmark\">The Wimmer Manufacturing Company in the Press<\/a><\/div><\/div><\/div><!-- .lae-image-info --><\/div><div class=\"lae-entry-text-wrap \"><h3 class=\"entry-title\"><a href=\"https:\/\/www.wimmer-gmbh.de\/en\/news\/detail\/kunsthaus-zuerich-extension\/\" title=\"The Wimmer Manufacturing Company in the Press\" rel=\"bookmark\">The Wimmer Manufacturing Company in the Press<\/a><\/h3><div class=\"entry-summary\">Recent Media Coverage<\/div><\/div><\/article><!-- .hentry --><\/div><div data-id=\"id-7131\" class=\"lae-grid-item lae-portfolio-item \"><article id=\"post-7131\" class=\"post-7131 news type-news status-publish format-standard has-post-thumbnail hentry\"><div class=\"lae-project-image\"><a href=\"https:\/\/www.wimmer-gmbh.de\/en\/news\/detail\/rosewood-munich\/\"\u030c\u030c><img width=\"700\" height=\"500\" loading=eager data-no-lazy=1 src=\"https:\/\/www.wimmer-gmbh.de\/wp-content\/uploads\/elementor\/thumbs\/Rosewood-18-qgqzgqfs3ezz678un5ezdwncf83hd40tlk4xoms13c.jpg\" title=\"Rosewood 18\" alt=\"Rosewood 18\" class=\"lae-image skip-lazy no-lazyload exclude-me a3-notlazy\" \/><\/a><div class=\"lae-image-info\"><div class=\"lae-entry-info\"><div class=\"lae-post-title\"><a href=\"https:\/\/www.wimmer-gmbh.de\/en\/news\/detail\/rosewood-munich\/\" title=\"Rosewood Munich &#8211; One-of-a-kind luxury hotel\" rel=\"bookmark\">Rosewood Munich &#8211; One-of-a-kind luxury hotel<\/a><\/div><\/div><\/div><!-- .lae-image-info --><\/div><div class=\"lae-entry-text-wrap \"><h3 class=\"entry-title\"><a href=\"https:\/\/www.wimmer-gmbh.de\/en\/news\/detail\/rosewood-munich\/\" title=\"Rosewood Munich &#8211; One-of-a-kind luxury hotel\" rel=\"bookmark\">Rosewood Munich &#8211; One-of-a-kind luxury hotel<\/a><\/h3><div class=\"entry-summary\">Munich's new hotspot on Wimmer Flooring<\/div><\/div><\/article><!-- .hentry --><\/div><div data-id=\"id-6521\" class=\"lae-grid-item lae-portfolio-item \"><article id=\"post-6521\" class=\"post-6521 news type-news status-publish format-standard has-post-thumbnail hentry\"><div class=\"lae-project-image\"><a href=\"https:\/\/www.wimmer-gmbh.de\/en\/news\/detail\/besondere-holzboeden-besondere-projekte\/\"\u030c\u030c><img width=\"700\" height=\"500\" loading=eager data-no-lazy=1 src=\"https:\/\/www.wimmer-gmbh.de\/wp-content\/uploads\/elementor\/thumbs\/Oltimerloft_09-pt1z3xebgnqi7cuiwcepr6ng58uxzag80lbhh3ue88.jpg\" title=\"Oltimerloft_09\" alt=\"Oltimerloft_09\" class=\"lae-image skip-lazy no-lazyload exclude-me a3-notlazy\" \/><\/a><div class=\"lae-image-info\"><div class=\"lae-entry-info\"><div class=\"lae-post-title\"><a href=\"https:\/\/www.wimmer-gmbh.de\/en\/news\/detail\/besondere-holzboeden-besondere-projekte\/\" title=\"Special wooden floors. Special projects.\" rel=\"bookmark\">Special wooden floors. Special projects.<\/a><\/div><\/div><\/div><!-- .lae-image-info --><\/div><div class=\"lae-entry-text-wrap \"><h3 class=\"entry-title\"><a href=\"https:\/\/www.wimmer-gmbh.de\/en\/news\/detail\/besondere-holzboeden-besondere-projekte\/\" title=\"Special wooden floors. Special projects.\" rel=\"bookmark\">Special wooden floors. Special projects.<\/a><\/h3><div class=\"entry-summary\">Noble wooden floors for noble vehicles.<\/div><\/div><\/article><!-- .hentry --><\/div><div data-id=\"id-6512\" class=\"lae-grid-item lae-portfolio-item \"><article id=\"post-6512\" class=\"post-6512 news type-news status-publish format-standard has-post-thumbnail hentry\"><div class=\"lae-project-image\"><a href=\"https:\/\/www.wimmer-gmbh.de\/en\/news\/detail\/neue-kollektionsstruktur-auf-architectwork-praesentiert\/\"\u030c\u030c><img width=\"700\" height=\"500\" loading=eager data-no-lazy=1 src=\"https:\/\/www.wimmer-gmbh.de\/wp-content\/uploads\/elementor\/thumbs\/Stand-02_tiny-polxs8tvf696hs2u38dspsh3saxcqcbtfvkl3xa64o.jpg\" title=\"Stand 02_tiny\" alt=\"Stand 02_tiny\" class=\"lae-image skip-lazy no-lazyload exclude-me a3-notlazy\" \/><\/a><div class=\"lae-image-info\"><div class=\"lae-entry-info\"><div class=\"lae-post-title\"><a href=\"https:\/\/www.wimmer-gmbh.de\/en\/news\/detail\/neue-kollektionsstruktur-auf-architectwork-praesentiert\/\" title=\"Restructured collection presented at architect@work\" rel=\"bookmark\">Restructured collection presented at architect@work<\/a><\/div><\/div><\/div><!-- .lae-image-info --><\/div><div class=\"lae-entry-text-wrap \"><h3 class=\"entry-title\"><a href=\"https:\/\/www.wimmer-gmbh.de\/en\/news\/detail\/neue-kollektionsstruktur-auf-architectwork-praesentiert\/\" title=\"Restructured collection presented at architect@work\" rel=\"bookmark\">Restructured collection presented at architect@work<\/a><\/h3><div class=\"entry-summary\">The colours of oak.\nAuthentic. Simplified. Intuitive.<\/div><\/div><\/article><!-- .hentry --><\/div><div data-id=\"id-6471\" class=\"lae-grid-item lae-portfolio-item \"><article id=\"post-6471\" class=\"post-6471 news type-news status-publish format-standard has-post-thumbnail hentry\"><div class=\"lae-project-image\"><a href=\"https:\/\/www.wimmer-gmbh.de\/en\/news\/detail\/kunsthaus-zuerich-extension-2\/\"\u030c\u030c><img width=\"700\" height=\"500\" loading=eager data-no-lazy=1 src=\"https:\/\/www.wimmer-gmbh.de\/wp-content\/uploads\/elementor\/thumbs\/DCA_0454_quer-p3dn2me42fvhgpmeduqcozok1jcz07dulflqe7ffd4.jpg\" title=\"DCA_0454_quer\" alt=\"DCA_0454_quer\" class=\"lae-image skip-lazy no-lazyload exclude-me a3-notlazy\" \/><\/a><div class=\"lae-image-info\"><div class=\"lae-entry-info\"><div class=\"lae-post-title\"><a href=\"https:\/\/www.wimmer-gmbh.de\/en\/news\/detail\/kunsthaus-zuerich-extension-2\/\" title=\"Kunsthaus Z\u00fcrich Extension\" rel=\"bookmark\">Kunsthaus Z\u00fcrich Extension<\/a><\/div><\/div><\/div><!-- .lae-image-info --><\/div><div class=\"lae-entry-text-wrap \"><h3 class=\"entry-title\"><a href=\"https:\/\/www.wimmer-gmbh.de\/en\/news\/detail\/kunsthaus-zuerich-extension-2\/\" title=\"Kunsthaus Z\u00fcrich Extension\" rel=\"bookmark\">Kunsthaus Z\u00fcrich Extension<\/a><\/h3><div class=\"entry-summary\">Precise Craftsmanship Covering 4,600 m2<\/div><\/div><\/article><!-- .hentry --><\/div><div data-id=\"id-4924\" class=\"lae-grid-item lae-portfolio-item \"><article id=\"post-4924\" class=\"post-4924 news type-news status-publish format-standard has-post-thumbnail hentry\"><div class=\"lae-project-image\"><a href=\"https:\/\/www.wimmer-gmbh.de\/en\/news\/detail\/jacoby-studios-paderborn-completed\/\"\u030c\u030c><img width=\"700\" height=\"500\" loading=eager data-no-lazy=1 src=\"https:\/\/www.wimmer-gmbh.de\/wp-content\/uploads\/elementor\/thumbs\/OB_05_Motiv_01-oxabxcy482x15co9af4q4quy47i169sm8zyefx23d4.jpg\" title=\"OB_05_Motiv_01\" alt=\"OB_05_Motiv_01\" class=\"lae-image skip-lazy no-lazyload exclude-me a3-notlazy\" \/><\/a><div class=\"lae-image-info\"><div class=\"lae-entry-info\"><div class=\"lae-post-title\"><a href=\"https:\/\/www.wimmer-gmbh.de\/en\/news\/detail\/jacoby-studios-paderborn-completed\/\" title=\"Jacoby Studios in Paderborn Completed\" rel=\"bookmark\">Jacoby Studios in Paderborn Completed<\/a><\/div><\/div><\/div><!-- .lae-image-info --><\/div><div class=\"lae-entry-text-wrap \"><h3 class=\"entry-title\"><a href=\"https:\/\/www.wimmer-gmbh.de\/en\/news\/detail\/jacoby-studios-paderborn-completed\/\" title=\"Jacoby Studios in Paderborn Completed\" rel=\"bookmark\">Jacoby Studios in Paderborn Completed<\/a><\/h3><div class=\"entry-summary\">Wimmer Floorboards in DCA Berlin\u2019s New Project<\/div><\/div><\/article><!-- .hentry --><\/div><\/div><!-- .lae-portfolio --><\/div><!-- .lae-portfolio-wrap -->\t\t<\/div>\n\t\t\t\t<\/div>\n\t\t\t\t\t\t<\/div>\n\t\t\t\t\t<\/div>\n\t\t<\/div>\n\t\t\t\t\t\t\t\t<\/div>\n\t\t\t\t\t<\/div>\n\t\t<\/section>\n\t\t\t\t<section class=\"elementor-section elementor-top-section elementor-element elementor-element-1dee047e elementor-section-boxed elementor-section-height-default elementor-section-height-default\" data-id=\"1dee047e\" data-element_type=\"section\">\n\t\t\t\t\t\t<div class=\"elementor-container elementor-column-gap-no\">\n\t\t\t\t\t\t\t<div class=\"elementor-row\">\n\t\t\t\t\t<div class=\"elementor-column elementor-col-100 elementor-top-column elementor-element elementor-element-ed380d5\" data-id=\"ed380d5\" data-element_type=\"column\">\n\t\t\t<div class=\"elementor-column-wrap elementor-element-populated\">\n\t\t\t\t\t\t\t<div class=\"elementor-widget-wrap\">\n\t\t\t\t\t\t<div class=\"elementor-element elementor-element-5034462 elementor-widget elementor-widget-spacer\" data-id=\"5034462\" data-element_type=\"widget\" data-widget_type=\"spacer.default\">\n\t\t\t\t<div class=\"elementor-widget-container\">\n\t\t\t\t\t<div class=\"elementor-spacer\">\n\t\t\t<div class=\"elementor-spacer-inner\"><\/div>\n\t\t<\/div>\n\t\t\t\t<\/div>\n\t\t\t\t<\/div>\n\t\t\t\t\t\t<\/div>\n\t\t\t\t\t<\/div>\n\t\t<\/div>\n\t\t\t\t\t\t\t\t<\/div>\n\t\t\t\t\t<\/div>\n\t\t<\/section>\n\t\t\t\t\t\t<\/div>\n\t\t\t\t\t\t<\/div>\n\t\t\t\t\t<\/div>\n\t\t","protected":false},"excerpt":{"rendered":"<p>Die Wimmer Holzboden-Manufaktur in der Presse Die Wimmer Holzboden-Manufaktur in der Presse Aktuelle Ver\u00f6ffentlichungen in den Medien Erweiterungsbau Kunsthaus Z\u00fcrich Erweiterungsbau Kunsthaus Z\u00fcrich Handwerkliche Pr\u00e4zision auf 4.600 m\u00b2 Besondere Holzb\u00f6den. Besondere Projekte. Besondere Holzb\u00f6den. Besondere Projekte. Edle Holzb\u00f6den f\u00fcr Edle PS. Neue Kollektionsstruktur auf architect@work pr\u00e4sentiert Neue Kollektionsstruktur auf architect@work pr\u00e4sentiert Die neuen Farben der <a class=\"read-more\" href=\"https:\/\/www.wimmer-gmbh.de\/en\/news\/detail\/jacoby-studios-paderborn-completed\/\">Read More<\/a><\/p>\n","protected":false},"author":1,"featured_media":0,"parent":0,"menu_order":8,"comment_status":"closed","ping_status":"closed","template":"","meta":[],"acf":[],"_links":{"self":[{"href":"https:\/\/www.wimmer-gmbh.de\/en\/wp-json\/wp\/v2\/pages\/5026"}],"collection":[{"href":"https:\/\/www.wimmer-gmbh.de\/en\/wp-json\/wp\/v2\/pages"}],"about":[{"href":"https:\/\/www.wimmer-gmbh.de\/en\/wp-json\/wp\/v2\/types\/page"}],"author":[{"embeddable":true,"href":"https:\/\/www.wimmer-gmbh.de\/en\/wp-json\/wp\/v2\/users\/1"}],"replies":[{"embeddable":true,"href":"https:\/\/www.wimmer-gmbh.de\/en\/wp-json\/wp\/v2\/comments?post=5026"}],"version-history":[{"count":6,"href":"https:\/\/www.wimmer-gmbh.de\/en\/wp-json\/wp\/v2\/pages\/5026\/revisions"}],"predecessor-version":[{"id":6485,"href":"https:\/\/www.wimmer-gmbh.de\/en\/wp-json\/wp\/v2\/pages\/5026\/revisions\/6485"}],"wp:attachment":[{"href":"https:\/\/www.wimmer-gmbh.de\/en\/wp-json\/wp\/v2\/media?parent=5026"}],"curies":[{"name":"wp","href":"https:\/\/api.w.org\/{rel}","templated":true}]}}